{"id":2393,"date":"2023-02-13T18:22:20","date_gmt":"2023-02-13T17:22:20","guid":{"rendered":"http:\/\/localhost\/sergio_funes\/training\/kleinfeldtraining\/"},"modified":"2024-01-10T12:03:04","modified_gmt":"2024-01-10T11:03:04","slug":"formacion-equipo-kleinfeld","status":"publish","type":"page","link":"https:\/\/www.sergiofunesmunich.com\/es\/training\/formacion-equipo-kleinfeld\/","title":{"rendered":"Formaci\u00f3n equipo \u201cKleinfeld\u201d"},"content":{"rendered":"\n<p>Utilizamos un enfoque l\u00fadico para fomentar el disfrute y la motivaci\u00f3n por el tenis,<br>se entrenan habilidades y destrezas espec\u00edficas del tenis.<\/p>\n\n\n\n<p>\u00a1Los resultados de nuestros equipos de pista peque\u00f1a son realmente impresionantes!<\/p>\n","protected":false},"excerpt":{"rendered":"<p>Utilizamos un enfoque l\u00fadico para fomentar el disfrute y la motivaci\u00f3n por el tenis,se entrenan habilidades y destrezas espec\u00edficas del tenis. \u00a1Los resultados de nuestros equipos de pista peque\u00f1a son realmente impresionantes!<\/p>\n","protected":false},"author":1,"featured_media":2107,"parent":2377,"menu_order":0,"comment_status":"closed","ping_status":"closed","template":"","meta":{"_acf_changed":false,"inline_featured_image":false,"footnotes":""},"class_list":["post-2393","page","type-page","status-publish","has-post-thumbnail","hentry"],"acf":[],"_links":{"self":[{"href":"https:\/\/www.sergiofunesmunich.com\/es\/wp-json\/wp\/v2\/pages\/2393","targetHints":{"allow":["GET"]}}],"collection":[{"href":"https:\/\/www.sergiofunesmunich.com\/es\/wp-json\/wp\/v2\/pages"}],"about":[{"href":"https:\/\/www.sergiofunesmunich.com\/es\/wp-json\/wp\/v2\/types\/page"}],"author":[{"embeddable":true,"href":"https:\/\/www.sergiofunesmunich.com\/es\/wp-json\/wp\/v2\/users\/1"}],"replies":[{"embeddable":true,"href":"https:\/\/www.sergiofunesmunich.com\/es\/wp-json\/wp\/v2\/comments?post=2393"}],"version-history":[{"count":3,"href":"https:\/\/www.sergiofunesmunich.com\/es\/wp-json\/wp\/v2\/pages\/2393\/revisions"}],"predecessor-version":[{"id":2902,"href":"https:\/\/www.sergiofunesmunich.com\/es\/wp-json\/wp\/v2\/pages\/2393\/revisions\/2902"}],"up":[{"embeddable":true,"href":"https:\/\/www.sergiofunesmunich.com\/es\/wp-json\/wp\/v2\/pages\/2377"}],"wp:featuredmedia":[{"embeddable":true,"href":"https:\/\/www.sergiofunesmunich.com\/es\/wp-json\/wp\/v2\/media\/2107"}],"wp:attachment":[{"href":"https:\/\/www.sergiofunesmunich.com\/es\/wp-json\/wp\/v2\/media?parent=2393"}],"curies":[{"name":"wp","href":"https:\/\/api.w.org\/{rel}","templated":true}]}}