{"id":2389,"date":"2023-02-11T14:20:30","date_gmt":"2023-02-11T13:20:30","guid":{"rendered":"http:\/\/localhost\/sergio_funes\/training\/kids-box\/"},"modified":"2024-01-10T12:07:24","modified_gmt":"2024-01-10T11:07:24","slug":"kidbox","status":"publish","type":"page","link":"https:\/\/www.sergiofunesmunich.com\/es\/training\/kidbox\/","title":{"rendered":"Kidbox"},"content":{"rendered":"\n<p>Los ni\u00f1os y los j\u00f3venes empiezan a jugar al tenis en el Kids Box. El manejo l\u00fadico y relajado de la pelota fomenta el tacto con la pelota y crea la base perfecta para desarrollar la t\u00e9cnica, la t\u00e1ctica y la pr\u00e1ctica del juego.<\/p>\n\n\n\n<p>En grupos de 3 a 5 participantes, se forjan amistades y se encuentran compa\u00f1eros de tenis. Nuestro equipo de entrenadores concede especial importancia al buen ambiente interpersonal.<\/p>\n","protected":false},"excerpt":{"rendered":"<p>Los ni\u00f1os y los j\u00f3venes empiezan a jugar al tenis en el Kids Box. El manejo l\u00fadico y relajado de la pelota fomenta el tacto con la pelota y crea la base perfecta para desarrollar la t\u00e9cnica, la t\u00e1ctica y la pr\u00e1ctica del juego. En grupos de 3 a 5 participantes, se forjan amistades y [&hellip;]<\/p>\n","protected":false},"author":1,"featured_media":2099,"parent":2377,"menu_order":0,"comment_status":"closed","ping_status":"closed","template":"","meta":{"_acf_changed":false,"inline_featured_image":false,"footnotes":""},"class_list":["post-2389","page","type-page","status-publish","has-post-thumbnail","hentry"],"acf":[],"_links":{"self":[{"href":"https:\/\/www.sergiofunesmunich.com\/es\/wp-json\/wp\/v2\/pages\/2389","targetHints":{"allow":["GET"]}}],"collection":[{"href":"https:\/\/www.sergiofunesmunich.com\/es\/wp-json\/wp\/v2\/pages"}],"about":[{"href":"https:\/\/www.sergiofunesmunich.com\/es\/wp-json\/wp\/v2\/types\/page"}],"author":[{"embeddable":true,"href":"https:\/\/www.sergiofunesmunich.com\/es\/wp-json\/wp\/v2\/users\/1"}],"replies":[{"embeddable":true,"href":"https:\/\/www.sergiofunesmunich.com\/es\/wp-json\/wp\/v2\/comments?post=2389"}],"version-history":[{"count":3,"href":"https:\/\/www.sergiofunesmunich.com\/es\/wp-json\/wp\/v2\/pages\/2389\/revisions"}],"predecessor-version":[{"id":2906,"href":"https:\/\/www.sergiofunesmunich.com\/es\/wp-json\/wp\/v2\/pages\/2389\/revisions\/2906"}],"up":[{"embeddable":true,"href":"https:\/\/www.sergiofunesmunich.com\/es\/wp-json\/wp\/v2\/pages\/2377"}],"wp:featuredmedia":[{"embeddable":true,"href":"https:\/\/www.sergiofunesmunich.com\/es\/wp-json\/wp\/v2\/media\/2099"}],"wp:attachment":[{"href":"https:\/\/www.sergiofunesmunich.com\/es\/wp-json\/wp\/v2\/media?parent=2389"}],"curies":[{"name":"wp","href":"https:\/\/api.w.org\/{rel}","templated":true}]}}