{"id":2387,"date":"2023-02-11T14:19:57","date_gmt":"2023-02-11T13:19:57","guid":{"rendered":"http:\/\/localhost\/sergio_funes\/training\/mini-tennis\/"},"modified":"2024-01-10T13:07:44","modified_gmt":"2024-01-10T12:07:44","slug":"mini-tenis","status":"publish","type":"page","link":"https:\/\/www.sergiofunesmunich.com\/es\/training\/mini-tenis\/","title":{"rendered":"Mini-tenis"},"content":{"rendered":"\n<p>Aprendizaje de habilidades motrices b\u00e1sicas y habilidades de juego sencillos, entrenamiento de la sensaci\u00f3n del bal\u00f3n y coordinaci\u00f3n con el bal\u00f3n en un grupo de 4-5 ni\u00f1os. Sesi\u00f3n de entrenamiento de 55 minutos.<\/p>\n\n\n\n<p>A partir de 4 a\u00f1os. Las raquetas de tenis son proporcionadas por la Academia.<\/p>\n","protected":false},"excerpt":{"rendered":"<p>Aprendizaje de habilidades motrices b\u00e1sicas y habilidades de juego sencillos, entrenamiento de la sensaci\u00f3n del bal\u00f3n y coordinaci\u00f3n con el bal\u00f3n en un grupo de 4-5 ni\u00f1os. Sesi\u00f3n de entrenamiento de 55 minutos. A partir de 4 a\u00f1os. Las raquetas de tenis son proporcionadas por la Academia.<\/p>\n","protected":false},"author":1,"featured_media":2097,"parent":2377,"menu_order":0,"comment_status":"closed","ping_status":"closed","template":"","meta":{"_acf_changed":false,"inline_featured_image":false,"footnotes":""},"class_list":["post-2387","page","type-page","status-publish","has-post-thumbnail","hentry"],"acf":[],"_links":{"self":[{"href":"https:\/\/www.sergiofunesmunich.com\/es\/wp-json\/wp\/v2\/pages\/2387","targetHints":{"allow":["GET"]}}],"collection":[{"href":"https:\/\/www.sergiofunesmunich.com\/es\/wp-json\/wp\/v2\/pages"}],"about":[{"href":"https:\/\/www.sergiofunesmunich.com\/es\/wp-json\/wp\/v2\/types\/page"}],"author":[{"embeddable":true,"href":"https:\/\/www.sergiofunesmunich.com\/es\/wp-json\/wp\/v2\/users\/1"}],"replies":[{"embeddable":true,"href":"https:\/\/www.sergiofunesmunich.com\/es\/wp-json\/wp\/v2\/comments?post=2387"}],"version-history":[{"count":4,"href":"https:\/\/www.sergiofunesmunich.com\/es\/wp-json\/wp\/v2\/pages\/2387\/revisions"}],"predecessor-version":[{"id":2911,"href":"https:\/\/www.sergiofunesmunich.com\/es\/wp-json\/wp\/v2\/pages\/2387\/revisions\/2911"}],"up":[{"embeddable":true,"href":"https:\/\/www.sergiofunesmunich.com\/es\/wp-json\/wp\/v2\/pages\/2377"}],"wp:featuredmedia":[{"embeddable":true,"href":"https:\/\/www.sergiofunesmunich.com\/es\/wp-json\/wp\/v2\/media\/2097"}],"wp:attachment":[{"href":"https:\/\/www.sergiofunesmunich.com\/es\/wp-json\/wp\/v2\/media?parent=2387"}],"curies":[{"name":"wp","href":"https:\/\/api.w.org\/{rel}","templated":true}]}}