{"id":2385,"date":"2023-02-11T14:18:46","date_gmt":"2023-02-11T13:18:46","guid":{"rendered":"http:\/\/localhost\/sergio_funes\/training\/leistungstraining\/"},"modified":"2024-01-10T12:03:49","modified_gmt":"2024-01-10T11:03:49","slug":"entrenamiento-de-rendimiento","status":"publish","type":"page","link":"https:\/\/www.sergiofunesmunich.com\/es\/training\/entrenamiento-de-rendimiento\/","title":{"rendered":"Entrenamiento de rendimiento"},"content":{"rendered":"\n<p>Para los jugadores que practican un deporte de competici\u00f3n, desarrollamos planes de entrenamiento detallados e individualizados tras un an\u00e1lisis intensivo. Adem\u00e1s del entrenamiento de tenis y de la preparaci\u00f3n f\u00edsica especial, tambi\u00e9n incluyen, por ejemplo, entrenamiento mental para que los jugadores puedan rendir al m\u00e1ximo. La capacidad de concentraci\u00f3n y de afrontar la presi\u00f3n, las derrotas y los \u00e9xitos desempe\u00f1an aqu\u00ed un papel muy importante. Otros elementos importantes son el pensamiento estrat\u00e9gico y el comportamiento t\u00e1ctico.<\/p>\n\n\n\n<p>Para m\u00e1s informaci\u00f3n, concrete una cita con Sergio Funes.<\/p>\n","protected":false},"excerpt":{"rendered":"<p>Para los jugadores que practican un deporte de competici\u00f3n, desarrollamos planes de entrenamiento detallados e individualizados tras un an\u00e1lisis intensivo. Adem\u00e1s del entrenamiento de tenis y de la preparaci\u00f3n f\u00edsica especial, tambi\u00e9n incluyen, por ejemplo, entrenamiento mental para que los jugadores puedan rendir al m\u00e1ximo. La capacidad de concentraci\u00f3n y de afrontar la presi\u00f3n, las [&hellip;]<\/p>\n","protected":false},"author":1,"featured_media":2095,"parent":2377,"menu_order":0,"comment_status":"closed","ping_status":"closed","template":"","meta":{"_acf_changed":false,"inline_featured_image":false,"footnotes":""},"class_list":["post-2385","page","type-page","status-publish","has-post-thumbnail","hentry"],"acf":[],"_links":{"self":[{"href":"https:\/\/www.sergiofunesmunich.com\/es\/wp-json\/wp\/v2\/pages\/2385","targetHints":{"allow":["GET"]}}],"collection":[{"href":"https:\/\/www.sergiofunesmunich.com\/es\/wp-json\/wp\/v2\/pages"}],"about":[{"href":"https:\/\/www.sergiofunesmunich.com\/es\/wp-json\/wp\/v2\/types\/page"}],"author":[{"embeddable":true,"href":"https:\/\/www.sergiofunesmunich.com\/es\/wp-json\/wp\/v2\/users\/1"}],"replies":[{"embeddable":true,"href":"https:\/\/www.sergiofunesmunich.com\/es\/wp-json\/wp\/v2\/comments?post=2385"}],"version-history":[{"count":3,"href":"https:\/\/www.sergiofunesmunich.com\/es\/wp-json\/wp\/v2\/pages\/2385\/revisions"}],"predecessor-version":[{"id":2903,"href":"https:\/\/www.sergiofunesmunich.com\/es\/wp-json\/wp\/v2\/pages\/2385\/revisions\/2903"}],"up":[{"embeddable":true,"href":"https:\/\/www.sergiofunesmunich.com\/es\/wp-json\/wp\/v2\/pages\/2377"}],"wp:featuredmedia":[{"embeddable":true,"href":"https:\/\/www.sergiofunesmunich.com\/es\/wp-json\/wp\/v2\/media\/2095"}],"wp:attachment":[{"href":"https:\/\/www.sergiofunesmunich.com\/es\/wp-json\/wp\/v2\/media?parent=2385"}],"curies":[{"name":"wp","href":"https:\/\/api.w.org\/{rel}","templated":true}]}}