{"id":2383,"date":"2023-02-11T14:18:02","date_gmt":"2023-02-11T13:18:02","guid":{"rendered":"http:\/\/localhost\/sergio_funes\/training\/mannschaftstraining\/"},"modified":"2024-01-10T12:01:32","modified_gmt":"2024-01-10T11:01:32","slug":"formacion-de-equipos","status":"publish","type":"page","link":"https:\/\/www.sergiofunesmunich.com\/es\/training\/formacion-de-equipos\/","title":{"rendered":"Formaci\u00f3n de equipos"},"content":{"rendered":"\n<p>En la actualidad, 17 equipos luchan por ascender a la mejor liga.<\/p>\n\n\n\n<p>Con nuestra formaci\u00f3n espec\u00edfica para la competici\u00f3n, est\u00e1n perfectamente preparados para los retos de los torneos.<\/p>\n","protected":false},"excerpt":{"rendered":"<p>En la actualidad, 17 equipos luchan por ascender a la mejor liga. Con nuestra formaci\u00f3n espec\u00edfica para la competici\u00f3n, est\u00e1n perfectamente preparados para los retos de los torneos.<\/p>\n","protected":false},"author":1,"featured_media":2103,"parent":2377,"menu_order":0,"comment_status":"closed","ping_status":"closed","template":"","meta":{"_acf_changed":false,"inline_featured_image":false,"footnotes":""},"class_list":["post-2383","page","type-page","status-publish","has-post-thumbnail","hentry"],"acf":[],"_links":{"self":[{"href":"https:\/\/www.sergiofunesmunich.com\/es\/wp-json\/wp\/v2\/pages\/2383","targetHints":{"allow":["GET"]}}],"collection":[{"href":"https:\/\/www.sergiofunesmunich.com\/es\/wp-json\/wp\/v2\/pages"}],"about":[{"href":"https:\/\/www.sergiofunesmunich.com\/es\/wp-json\/wp\/v2\/types\/page"}],"author":[{"embeddable":true,"href":"https:\/\/www.sergiofunesmunich.com\/es\/wp-json\/wp\/v2\/users\/1"}],"replies":[{"embeddable":true,"href":"https:\/\/www.sergiofunesmunich.com\/es\/wp-json\/wp\/v2\/comments?post=2383"}],"version-history":[{"count":4,"href":"https:\/\/www.sergiofunesmunich.com\/es\/wp-json\/wp\/v2\/pages\/2383\/revisions"}],"predecessor-version":[{"id":2547,"href":"https:\/\/www.sergiofunesmunich.com\/es\/wp-json\/wp\/v2\/pages\/2383\/revisions\/2547"}],"up":[{"embeddable":true,"href":"https:\/\/www.sergiofunesmunich.com\/es\/wp-json\/wp\/v2\/pages\/2377"}],"wp:featuredmedia":[{"embeddable":true,"href":"https:\/\/www.sergiofunesmunich.com\/es\/wp-json\/wp\/v2\/media\/2103"}],"wp:attachment":[{"href":"https:\/\/www.sergiofunesmunich.com\/es\/wp-json\/wp\/v2\/media?parent=2383"}],"curies":[{"name":"wp","href":"https:\/\/api.w.org\/{rel}","templated":true}]}}