{"id":2381,"date":"2023-02-11T14:16:10","date_gmt":"2023-02-11T13:16:10","guid":{"rendered":"http:\/\/localhost\/sergio_funes\/training\/gruppentraining\/"},"modified":"2024-01-10T11:59:29","modified_gmt":"2024-01-10T10:59:29","slug":"formacion-en-grupo","status":"publish","type":"page","link":"https:\/\/www.sergiofunesmunich.com\/es\/training\/formacion-en-grupo\/","title":{"rendered":"Formaci\u00f3n en grupo"},"content":{"rendered":"\n<p>Ofrecemos cursos especiales para grupos de todas las edades. Ya sea que se trate de j\u00f3venes estrellas como los ni\u00f1os de 5 a 6 a\u00f1os o de equipos masculinos competitivos, no hay l\u00edmites para los grupos de edad.<\/p>\n\n\n\n<p>Tras analizar su capacidad de juego, los tenistas se asignan a los cursos existentes. Para los grupos existentes, ofrecemos cursos personalizados en los que estaremos encantados de tener en cuenta las peticiones relativas al tama\u00f1o del grupo, los entrenadores o los horarios de entrenamiento.<\/p>\n","protected":false},"excerpt":{"rendered":"<p>Ofrecemos cursos especiales para grupos de todas las edades. Ya sea que se trate de j\u00f3venes estrellas como los ni\u00f1os de 5 a 6 a\u00f1os o de equipos masculinos competitivos, no hay l\u00edmites para los grupos de edad. Tras analizar su capacidad de juego, los tenistas se asignan a los cursos existentes. Para los grupos [&hellip;]<\/p>\n","protected":false},"author":1,"featured_media":2109,"parent":2377,"menu_order":0,"comment_status":"closed","ping_status":"closed","template":"","meta":{"_acf_changed":false,"inline_featured_image":false,"footnotes":""},"class_list":["post-2381","page","type-page","status-publish","has-post-thumbnail","hentry"],"acf":[],"_links":{"self":[{"href":"https:\/\/www.sergiofunesmunich.com\/es\/wp-json\/wp\/v2\/pages\/2381","targetHints":{"allow":["GET"]}}],"collection":[{"href":"https:\/\/www.sergiofunesmunich.com\/es\/wp-json\/wp\/v2\/pages"}],"about":[{"href":"https:\/\/www.sergiofunesmunich.com\/es\/wp-json\/wp\/v2\/types\/page"}],"author":[{"embeddable":true,"href":"https:\/\/www.sergiofunesmunich.com\/es\/wp-json\/wp\/v2\/users\/1"}],"replies":[{"embeddable":true,"href":"https:\/\/www.sergiofunesmunich.com\/es\/wp-json\/wp\/v2\/comments?post=2381"}],"version-history":[{"count":3,"href":"https:\/\/www.sergiofunesmunich.com\/es\/wp-json\/wp\/v2\/pages\/2381\/revisions"}],"predecessor-version":[{"id":2900,"href":"https:\/\/www.sergiofunesmunich.com\/es\/wp-json\/wp\/v2\/pages\/2381\/revisions\/2900"}],"up":[{"embeddable":true,"href":"https:\/\/www.sergiofunesmunich.com\/es\/wp-json\/wp\/v2\/pages\/2377"}],"wp:featuredmedia":[{"embeddable":true,"href":"https:\/\/www.sergiofunesmunich.com\/es\/wp-json\/wp\/v2\/media\/2109"}],"wp:attachment":[{"href":"https:\/\/www.sergiofunesmunich.com\/es\/wp-json\/wp\/v2\/media?parent=2381"}],"curies":[{"name":"wp","href":"https:\/\/api.w.org\/{rel}","templated":true}]}}